{"id":6218,"date":"2023-04-07T01:25:08","date_gmt":"2023-04-07T01:25:08","guid":{"rendered":"https:\/\/contest-cyncly.com\/regras-e-regulamentos\/"},"modified":"2024-03-12T19:41:26","modified_gmt":"2024-03-12T19:41:26","slug":"regras-e-regulamentos","status":"publish","type":"page","link":"https:\/\/contest.cyncly.com\/pt-br\/regras-e-regulamentos\/","title":{"rendered":"Regras e regulamentos"},"content":{"rendered":"\t\t<div data-elementor-type=\"wp-page\" data-elementor-id=\"6218\" class=\"elementor elementor-6218 elementor-158\" data-elementor-post-type=\"page\">\n\t\t\t\t\t\t<section class=\"elementor-section elementor-top-section elementor-element elementor-element-8059e2e elementor-section-boxed elementor-section-height-default elementor-section-height-default\" data-id=\"8059e2e\" data-element_type=\"section\" data-e-type=\"section\">\n\t\t\t\t\t\t<div class=\"elementor-container elementor-column-gap-default\">\n\t\t\t\t\t<div class=\"elementor-column elementor-col-100 elementor-top-column elementor-element elementor-element-918be25\" data-id=\"918be25\" data-element_type=\"column\" data-e-type=\"column\">\n\t\t\t<div class=\"elementor-widget-wrap elementor-element-populated\">\n\t\t\t\t\t\t<div class=\"elementor-element elementor-element-7e49944 elementor-widget elementor-widget-heading\" data-id=\"7e49944\" data-element_type=\"widget\" data-e-type=\"widget\" data-widget_type=\"heading.default\">\n\t\t\t\t<div class=\"elementor-widget-container\">\n\t\t\t\t\t<h1 class=\"elementor-heading-title elementor-size-default\">Regras e regulamentos<\/h1>\t\t\t\t<\/div>\n\t\t\t\t<\/div>\n\t\t\t\t<div class=\"elementor-element elementor-element-61111ab elementor-widget elementor-widget-text-editor\" data-id=\"61111ab\" data-element_type=\"widget\" data-e-type=\"widget\" data-widget_type=\"text-editor.default\">\n\t\t\t\t<div class=\"elementor-widget-container\">\n\t\t\t\t\t\t\t\t\tA Cyncly est\u00e1 distribuindo sete cart\u00f5es Gift Card no valor de R$750 para cada um dos vencedores do primeiro lugar, R$500 para os sete vencedores do segundo lugar e R$250 para os sete vencedores do terceiro lugar. Esses pr\u00eamios ser\u00e3o concedidos \u00e0queles que enviarem resultados (por exemplo, renderiza\u00e7\u00e3o, panorama de 360\u00b0) do Design Live, Visual Impression, Winner, Innoplus, SimpliPlan, M3B, Virtual Worlds ou Promob para o &#8220;Cyncly Global Inspiration Contest&#8221; em uma dessas sete categorias:\r\n<ul>\r\n \t<li>Resid\u00eancia profissional \u2013 Cyncly \u2013 Qualquer ambiente<\/li>\r\n \t<li>Escrit\u00f3rio profissional \u2013 Cyncly \u2013 Qualquer ambiente<\/li>\r\n \t<li>Cozinha<\/li>\r\n \t<li>Banheiro<\/li>\r\n \t<li>Closet<\/li>\r\n \t<li>Espa\u00e7o educacional<\/li>\r\n \t<li>Escrit\u00f3rio corporativo &#038; coworking<\/li>\r\n<\/ul>\r\nCyncly oferece um grande pr\u00eamio (um gift card no valor de R$1000) para o vencedor em primeiro lugar: \r\n<ul>\r\n \t<li>Projeto mais votado<\/li>\r\n<\/ul>\t\t\t\t\t\t\t\t<\/div>\n\t\t\t\t<\/div>\n\t\t\t\t<div class=\"elementor-element elementor-element-84571f9 elementor-widget elementor-widget-text-editor\" data-id=\"84571f9\" data-element_type=\"widget\" data-e-type=\"widget\" data-widget_type=\"text-editor.default\">\n\t\t\t\t<div class=\"elementor-widget-container\">\n\t\t\t\t\t\t\t\t\t<strong>Para profissionais:<\/strong><br>\r\nFormato recomendado: 1920x1080px ou tamanho m\u00ednimo de 1280x720px, JPG ou PNG.  \t\t\t\t\t\t\t\t<\/div>\n\t\t\t\t<\/div>\n\t\t\t\t<div class=\"elementor-element elementor-element-dfc0f50 elementor-widget elementor-widget-text-editor\" data-id=\"dfc0f50\" data-element_type=\"widget\" data-e-type=\"widget\" data-widget_type=\"text-editor.default\">\n\t\t\t\t<div class=\"elementor-widget-container\">\n\t\t\t\t\t\t\t\t\t<ul>\r\n \t<li><strong>J\u00fari:<\/strong> Um painel de especialistas do setor da Cyncly selecionar\u00e1 o vencedor de cada categoria. Para o projeto mais votado, as tr\u00eas principais inscri\u00e7\u00f5es que receberam os maiores votos dos colegas ser\u00e3o selecionadas.<\/li>\r\n \t<li><strong>Eligibilidade:<\/strong> Colaboradores da Cyncly e suas empresas afilidadas, representantes, consultores, ag\u00eancias de promo\u00e7\u00e3o e propaganda, concorrentes, e outros fornecedores\/ vendedores n\u00e3o s\u00e3o eleg\u00edveis. Um participante pode concorrer com um projeto ou mais \u2013 Design Live, Visual Impression, Winner, Innoplus, SimpliPlan, M3B, Virtual Worlds ou Promob  rendering\/360\u00b0 panorama\/ Showcase 360 \/ Promob \u2013 em diversas categorias mas s\u00f3 poder\u00e1 vencer o concurso uma vez.<\/li>\r\n \t<li>O concurso est\u00e1 aberto globalmente. Nenhuma compra \u00e9 necess\u00e1ria. Detalhes: Todos os 22 vencedores do concurso ser\u00e3o anunciados por e-mail pela Cyncly no dia 3 de junho de 2024. Cada um dos 22 vencedores receber\u00e1 um gift card.<\/li>\r\n \t<li>O vencedor dever\u00e1 fornecer informa\u00e7\u00f5es completas, incluindo seu nome, empresa, n\u00famero de telefone, endere\u00e7o de e-mail para a Cyncly, ou o pr\u00eamio ser\u00e1 cedido para o pr\u00f3ximo vencedor v\u00e1lido. Todos os finalitas, em qualquer categoria, (incluindo Projeto mais votado) ser\u00e3o contatados pela Cyncly e solicitados a fornecer o arquivo no formato .kit (Design Live) ou arquivo DRW (Winner) ou arquivo IFZ (Innoplus ou arquivo Ambi (M3B e SimpliPlan) ou .promob (Promob) para confirmar a autenticidade do projeto antes que o vencedor seja escolhido. Todos os vencedores s\u00e3o respons\u00e1veis por quaisquer impostos locais, estaduais ou federais, quando aplic\u00e1vel.<\/li>\r\n \t<li><strong>Como participar:<\/strong> Submeta seu projeto (render) \u2013 Design Live, Visual Impression, Winner, Innoplus, SimpliPlan, M3B, Virtual Worlds e Promob no \u201cCyncly Global Inspiration Contest\u201d de 2 de Abril at\u00e9 30 de Abril de 2024. Cyncly n\u00e3o se responsabiliza por atrasos, perdas; por erros de transmiss\u00e3o; ou qualquer acidente ou impress\u00e3o, administrativo ou outro erro de qualquer tipo de rela\u00e7\u00e3o com esse concurso.<\/li>\r\n \t<li><strong>Direitos e obriga\u00e7\u00f5es:<\/strong> Cyncly nega qualquer responsabilidade por dano resultado da participa\u00e7\u00e3o nesse concurso e se reserva o direito de modificar, cancelar, encerrar, ou suspender por qualquer interven\u00e7\u00e3o humana n\u00e3o autorizada ou outras causas al\u00e9m do controle de corrup\u00e7\u00e3o da Cyncly ou que possa afetar a administra\u00e7\u00e3o, seguran\u00e7a, justi\u00e7a ou condu\u00e7\u00e3o adequada dos projetos. Cyncly se reserva o direito de desqualificar qualquer participante que apresente fraude ou m\u00e1 conduta, que afete a integridade do concurso. Submetendo seu projeto voc\u00ea concede a Cycly a exclusividade, de forma perp\u00e9tua, irrevog\u00e1vel, sem restri\u00e7\u00f5es e livre de direitos autorais para usar as produ\u00e7\u00f5es dos participantes, nome, voz, frases, nome de empresa (se aplic\u00e1vel) e imagem para futuras a\u00e7\u00f5es de marketing incluindo, mas n\u00e3o limitando, publica\u00e7\u00f5es online, impressas e promo\u00e7\u00f5es ou v\u00eddeos.<\/li>\r\n \t<li><strong>Probabilidades de ganhar\/Processo de julgamento:<\/strong> As chances de ganhar dependem do n\u00famero total de entradas eleg\u00edveis recebidas. Os resultados vencedores ser\u00e3o anunciados no e-mail da Cyncly em 3 de junho de 2024. Ao participar, cada participante concorda em seguir estas Regras Oficiais. As decis\u00f5es finais s\u00e3o da Cyncly. Todos os vencedores concordam em permitir que seu nome e o nome do empregador sejam usados \u200b\u200bonline e em poss\u00edveis an\u00fancios futuros e comunicados \u00e0 imprensa da Cyncly.<\/li>\r\n \t<li><strong>Isen\u00e7\u00e3o de garantias:<\/strong> O eGift Card se exime de garantia de qualquer tipo, expressa ou impl\u00edcita, em rela\u00e7\u00e3o \u00e0 sua apar\u00eancia, seguran\u00e7a ou desempenho. O vencedor individual assumir\u00e1 todos os riscos de perda ou dano ao pr\u00eamio ap\u00f3s a entrega. A Cyncly n\u00e3o se responsabiliza pelos custos de envio ou taxas alfandeg\u00e1rias para compras feitas pelos vencedores do concurso.<\/li>\r\n \t<li><strong>Restri\u00e7\u00f5es adicionais:<\/strong>\u202fEste concurso \u00e9 nulo onde for proibido. Todas as leis e regulamentos federais, estaduais, municipais e locais se aplicam. Os pr\u00eamios n\u00e3o s\u00e3o transfer\u00edveis. Nenhuma substitui\u00e7\u00e3o \u00e9 permitida. A Cyncly reserva-se o direito de cancelar ou suspender este concurso a qualquer momento.<\/li>\r\n<\/ul>\r\n<strong>Para mais informa\u00e7\u00f5es, contate-nos:<\/strong> <br>\r\nSede 2020 <br>\r\n400 Boulevard Armand Frappier <br>\r\nLaval, QC <br>\r\nH7V 4B4 <br>\r\nCanad\u00e1 <br>\r\nEmail: <a href=\"mailto:inspirationcontest@cyncly.com\">inspirationcontest@cyncly.com <\/a>\t\t\t\t\t\t\t\t<\/div>\n\t\t\t\t<\/div>\n\t\t\t\t\t<\/div>\n\t\t<\/div>\n\t\t\t\t\t<\/div>\n\t\t<\/section>\n\t\t\t\t<\/div>\n\t\t","protected":false},"excerpt":{"rendered":"<p>Regras e regulamentos A Cyncly est\u00e1 distribuindo sete cart\u00f5es Gift Card no valor de R$750 para cada um dos vencedores do primeiro lugar, R$500 para os sete vencedores do segundo lugar e R$250 para os sete vencedores do terceiro lugar. Esses pr\u00eamios ser\u00e3o concedidos \u00e0queles que enviarem resultados (por exemplo, renderiza\u00e7\u00e3o, panorama de 360\u00b0) do [&hellip;]<\/p>\n","protected":false},"author":4,"featured_media":0,"parent":0,"menu_order":0,"comment_status":"closed","ping_status":"closed","template":"","meta":{"ocean_post_layout":"","ocean_both_sidebars_style":"","ocean_both_sidebars_content_width":0,"ocean_both_sidebars_sidebars_width":0,"ocean_sidebar":"0","ocean_second_sidebar":"0","ocean_disable_margins":"enable","ocean_add_body_class":"","ocean_shortcode_before_top_bar":"","ocean_shortcode_after_top_bar":"","ocean_shortcode_before_header":"","ocean_shortcode_after_header":"","ocean_has_shortcode":"","ocean_shortcode_after_title":"","ocean_shortcode_before_footer_widgets":"","ocean_shortcode_after_footer_widgets":"","ocean_shortcode_before_footer_bottom":"","ocean_shortcode_after_footer_bottom":"","ocean_display_top_bar":"default","ocean_display_header":"default","ocean_header_style":"","ocean_center_header_left_menu":"0","ocean_custom_header_template":"0","ocean_custom_logo":0,"ocean_custom_retina_logo":0,"ocean_custom_logo_max_width":0,"ocean_custom_logo_tablet_max_width":0,"ocean_custom_logo_mobile_max_width":0,"ocean_custom_logo_max_height":0,"ocean_custom_logo_tablet_max_height":0,"ocean_custom_logo_mobile_max_height":0,"ocean_header_custom_menu":"0","ocean_menu_typo_font_family":"0","ocean_menu_typo_font_subset":"","ocean_menu_typo_font_size":0,"ocean_menu_typo_font_size_tablet":0,"ocean_menu_typo_font_size_mobile":0,"ocean_menu_typo_font_size_unit":"px","ocean_menu_typo_font_weight":"","ocean_menu_typo_font_weight_tablet":"","ocean_menu_typo_font_weight_mobile":"","ocean_menu_typo_transform":"","ocean_menu_typo_transform_tablet":"","ocean_menu_typo_transform_mobile":"","ocean_menu_typo_line_height":0,"ocean_menu_typo_line_height_tablet":0,"ocean_menu_typo_line_height_mobile":0,"ocean_menu_typo_line_height_unit":"","ocean_menu_typo_spacing":0,"ocean_menu_typo_spacing_tablet":0,"ocean_menu_typo_spacing_mobile":0,"ocean_menu_typo_spacing_unit":"","ocean_menu_link_color":"","ocean_menu_link_color_hover":"","ocean_menu_link_color_active":"","ocean_menu_link_background":"","ocean_menu_link_hover_background":"","ocean_menu_link_active_background":"","ocean_menu_social_links_bg":"","ocean_menu_social_hover_links_bg":"","ocean_menu_social_links_color":"","ocean_menu_social_hover_links_color":"","ocean_disable_title":"default","ocean_disable_heading":"default","ocean_post_title":"","ocean_post_subheading":"","ocean_post_title_style":"","ocean_post_title_background_color":"","ocean_post_title_background":0,"ocean_post_title_bg_image_position":"","ocean_post_title_bg_image_attachment":"","ocean_post_title_bg_image_repeat":"","ocean_post_title_bg_image_size":"","ocean_post_title_height":0,"ocean_post_title_bg_overlay":0.5,"ocean_post_title_bg_overlay_color":"","ocean_disable_breadcrumbs":"default","ocean_breadcrumbs_color":"","ocean_breadcrumbs_separator_color":"","ocean_breadcrumbs_links_color":"","ocean_breadcrumbs_links_hover_color":"","ocean_display_footer_widgets":"default","ocean_display_footer_bottom":"default","ocean_custom_footer_template":"0","footnotes":""},"class_list":["post-6218","page","type-page","status-publish","hentry","entry"],"_links":{"self":[{"href":"https:\/\/contest.cyncly.com\/pt-br\/wp-json\/wp\/v2\/pages\/6218","targetHints":{"allow":["GET"]}}],"collection":[{"href":"https:\/\/contest.cyncly.com\/pt-br\/wp-json\/wp\/v2\/pages"}],"about":[{"href":"https:\/\/contest.cyncly.com\/pt-br\/wp-json\/wp\/v2\/types\/page"}],"author":[{"embeddable":true,"href":"https:\/\/contest.cyncly.com\/pt-br\/wp-json\/wp\/v2\/users\/4"}],"replies":[{"embeddable":true,"href":"https:\/\/contest.cyncly.com\/pt-br\/wp-json\/wp\/v2\/comments?post=6218"}],"version-history":[{"count":0,"href":"https:\/\/contest.cyncly.com\/pt-br\/wp-json\/wp\/v2\/pages\/6218\/revisions"}],"wp:attachment":[{"href":"https:\/\/contest.cyncly.com\/pt-br\/wp-json\/wp\/v2\/media?parent=6218"}],"curies":[{"name":"wp","href":"https:\/\/api.w.org\/{rel}","templated":true}]}}