{"id":161,"date":"2023-04-07T01:25:08","date_gmt":"2023-04-07T01:25:08","guid":{"rendered":"https:\/\/contestcyncly.wpengine.com\/regles-et-conditions\/"},"modified":"2024-03-08T19:58:28","modified_gmt":"2024-03-08T19:58:28","slug":"reglement-du-concours","status":"publish","type":"page","link":"https:\/\/contest.cyncly.com\/fr\/reglement-du-concours\/","title":{"rendered":"Reglement du concours"},"content":{"rendered":"\t\t<div data-elementor-type=\"wp-page\" data-elementor-id=\"161\" class=\"elementor elementor-161 elementor-158\" data-elementor-post-type=\"page\">\n\t\t\t\t\t\t<section class=\"elementor-section elementor-top-section elementor-element elementor-element-8059e2e elementor-section-boxed elementor-section-height-default elementor-section-height-default\" data-id=\"8059e2e\" data-element_type=\"section\" data-e-type=\"section\">\n\t\t\t\t\t\t<div class=\"elementor-container elementor-column-gap-default\">\n\t\t\t\t\t<div class=\"elementor-column elementor-col-100 elementor-top-column elementor-element elementor-element-918be25\" data-id=\"918be25\" data-element_type=\"column\" data-e-type=\"column\">\n\t\t\t<div class=\"elementor-widget-wrap elementor-element-populated\">\n\t\t\t\t\t\t<div class=\"elementor-element elementor-element-7e49944 elementor-widget elementor-widget-heading\" data-id=\"7e49944\" data-element_type=\"widget\" data-e-type=\"widget\" data-widget_type=\"heading.default\">\n\t\t\t\t<div class=\"elementor-widget-container\">\n\t\t\t\t\t<h1 class=\"elementor-heading-title elementor-size-default\">R\u00e8glement du concours<\/h1>\t\t\t\t<\/div>\n\t\t\t\t<\/div>\n\t\t\t\t<div class=\"elementor-element elementor-element-61111ab elementor-widget elementor-widget-text-editor\" data-id=\"61111ab\" data-element_type=\"widget\" data-e-type=\"widget\" data-widget_type=\"text-editor.default\">\n\t\t\t\t<div class=\"elementor-widget-container\">\n\t\t\t\t\t\t\t\t\t\r\nCyncly offre sept cartes-cadeaux Amazon d&rsquo;une valeur de 750 \u20ac \u00e0 chacun des gagnants de la premi\u00e8re place, 500 \u20ac aux sept gagnants de la deuxi\u00e8me place et 250 \u20ac aux sept gagnants de la troisi\u00e8me place. Ces prix seront attribu\u00e9s aux gagnants qui soumettent un projet (par exemple, un rendu, un panorama \u00e0 360\u00b0) \u00e0 partir des solutions logicielles suivantes : Design Live, Visual Impression, Winner, Innoplus, SimpliPlan, Virtual Worlds ou Promob lors du  \u00ab\u00a0Cyncly Global Inspiration Contest\u00a0\u00bb  pour l&rsquo;une des sept cat\u00e9gories :\r\n<ul>\r\n           <li>Professionnel du secteur r\u00e9sidentiel \u2013 Cyncly \u2013 Tout type d&rsquo;espace<\/li>\r\n \t   <li>Bureau pour professionnels \u2013 Cyncly \u2013  Tout type d&rsquo;espace<\/li>\r\n           <li>Cuisine<\/li>\r\n           <li>Salle de Bains<\/li>\r\n           <li>Dressing<\/li>\r\n           <li>Espace p\u00e9dagogique<\/li>\r\n           <li>Bureau polyvalent<\/li>\r\n<\/ul>\r\nDe plus, Cyncly d\u00e9cernera un grand prix (carte-cadeau Amazon d\u2019une valeur de 1000 \u20ac) au gagnant de la premi\u00e8re place :\r\n<ul>\r\n           <li>Le choix des votants<\/li>\r\n<\/ul>\t\t\t\t\t\t\t\t<\/div>\n\t\t\t\t<\/div>\n\t\t\t\t<div class=\"elementor-element elementor-element-84571f9 elementor-widget elementor-widget-text-editor\" data-id=\"84571f9\" data-element_type=\"widget\" data-e-type=\"widget\" data-widget_type=\"text-editor.default\">\n\t\t\t\t<div class=\"elementor-widget-container\">\n\t\t\t\t\t\t\t\t\t<strong>Note aux concepteurs :<\/strong> <br>\r\nFormat recommand\u00e9 : 1920x1080px ou taille minimale 1280x720px, au format JPG ou PNG.\t\t\t\t\t\t\t\t<\/div>\n\t\t\t\t<\/div>\n\t\t\t\t<div class=\"elementor-element elementor-element-dfc0f50 elementor-widget elementor-widget-text-editor\" data-id=\"dfc0f50\" data-element_type=\"widget\" data-e-type=\"widget\" data-widget_type=\"text-editor.default\">\n\t\t\t\t<div class=\"elementor-widget-container\">\n\t\t\t\t\t\t\t\t\t<ul>\r\n        <li><strong>Jury :<\/strong> Un panel d&rsquo;experts de la filli\u00e8re Cyncly s\u00e9lectionnera le gagnant de chaque cat\u00e9gorie. Les membres du jury s\u00e9lectionneront le gagnant de chaque cat\u00e9gorie. Pour le choix des votants, les trois meilleurs projets ayant re\u00e7u le plus grand nombre de votes seront pr\u00e9s\u00e9lectionn\u00e9s. Le gagnant final sera d\u00e9termin\u00e9 par le jury de Cyncly.<\/li>\r\n \t<li><strong>\u00c9ligibilit\u00e9 :<\/strong> Les collaborateurs de Cyncly et de ses soci\u00e9t\u00e9s affili\u00e9es, les agents, les consultants, les agences de publicit\u00e9 et de promotion, les concurrents et les autres fournisseurs ne sont pas habilit\u00e9s \u00e0 participer au concours. Un participant peut soumettre un ou plusieurs r\u00e9sultats \u2013 Design Live, Visual Impression, Winner, Innoplus, SimpliPlan, Virtual Worlds et Promob \u2013 dans plusieurs cat\u00e9gories mais ne peut remporter qu\u2019un seul prix dans le cadre de ce concours.<\/li>\r\n \t<li>Le concours est ouvert au monde entier. Aucun achat n\u2019est requis. D\u00e9tails : Les 22 gagnants du concours seront annonc\u00e9s via un e-mail envoy\u00e9 par Cyncly le 3 juin 2024. Les 22 gagnants remporteront chacun une carte cadeau Amazon.<\/li>\r\n \t<li>Le gagnant doit fournir ses coordonn\u00e9es compl\u00e8tes, y compris son nom, le nom de son employeur, son num\u00e9ro de t\u00e9l\u00e9phone et son adresse e-mail \u00e0 Cyncly, ou le prix sera remis au prochain gagnant en titre.\u202fTous les finalistes de toutes les cat\u00e9gories (y compris le choix des votants) seront contact\u00e9s par Cyncly et devront fournir un fichier .kit (Design Live) ou un fichier DRW (Winner) et un fichier IFZ (Innoplus) ou un fichier Ambi (SimpliPlan) pour confirmer l\u2019authenticit\u00e9 de chaque conception avant qu\u2019un gagnant ne soit choisi. Tous les laur\u00e9ats sont responsables des taxes d\u2019\u00c9tat, provinciales, f\u00e9d\u00e9rales ou locales, le cas \u00e9ch\u00e9ant.<\/li>\r\n \t<li><strong>Comment participer ?<\/strong> Soumettez votre conception (rendu) \u2013 Design Live, Visual Impression, Winner, Innoplus, SimpliPlan, Virtual Worlds et Promob dans le cadre du \u00ab Concours Mondial d\u2019Inspiration Cyncly \u00bb du 2 avril au 30 mai 2024. Cyncly n\u2019est pas responsable des invitations en retard, perdues ou mal achemin\u00e9es ; des erreurs de communication ou de transmission ; ou de tout accident ou erreur d\u2019impression, administrative ou autre de quelque nature que ce soit en rapport avec ce concours.<\/li>\r\n \t<li><strong>Droits et obligations :<\/strong> Cyncly d\u00e9cline toute responsabilit\u00e9 pour les dommages r\u00e9sultant de la participation \u00e0 ce concours et se r\u00e9serve le droit de modifier, d\u2019annuler, de terminer ou de suspendre ce concours si une intervention humaine non autoris\u00e9e ou d\u2019autres causes hors du contr\u00f4le de Cyncly corrompent ou affectent l\u2019administration, la s\u00e9curit\u00e9, l\u2019\u00e9quit\u00e9 ou le bon d\u00e9roulement du tirage a Cyncly se r\u00e9serve le droit de disqualifier tout participant pour fraude ou mauvaise conduite qui pourrait affecter l\u2019int\u00e9grit\u00e9 du concours. En soumettant votre conception, vous accordez \u00e0 Cyncly et aux partenaires le droit exclusif, perp\u00e9tuel, irr\u00e9vocable, illimit\u00e9 et libre de redevance d\u2019utiliser la production, le nom, la voix, les citations, le nom de l\u2019entreprise (le cas \u00e9ch\u00e9ant) et l\u2019image du participant pour ses futures activit\u00e9s de marketing, y compris, mais sans s\u2019y limiter, les publications en ligne\/papier et les vid\u00e9os promotionnelles ou de formation.<\/li>\r\n \t<li><strong>Probabilit\u00e9s de gagner et proc\u00e9dure d\u2019\u00e9valuation :<\/strong> Les chances de gagner d\u00e9pendent du nombre total de participations admissibles re\u00e7ues. Les gagnantes seront annonc\u00e9es via un email envoy\u00e9 par Cyncly le 3 juin 2024. En participant, chaque candidat accepte d\u2019\u00eatre li\u00e9 par le pr\u00e9sent r\u00e8glement officiel. Les d\u00e9cisions de Cyncly sont d\u00e9finitives. Tous les gagnants acceptent que leur nom et celui de leur employeur soient utilis\u00e9s en ligne et dans d\u2019\u00e9ventuelles publicit\u00e9s et communiqu\u00e9s de presse futurs de Cyncly.<\/li>\r\n \t<li><strong>Exclusion de garanties :<\/strong> La carte cadeau \u00e9lectronique Amazon est fournie \u00ab en l\u2019\u00e9tat \u00bb sans garantie d\u2019aucune sorte, expresse ou implicite, concernant son apparence, sa s\u00e9curit\u00e9 ou ses performances. Le gagnant individuel supportera tout risque de perte ou de dommage du prix apr\u00e8s sa livraison. La carte cadeau Amazon doit \u00eatre utilis\u00e9e dans la version qui accepte les paiements en euros. La marque promotrice du concours n\u2019est pas responsable des frais d\u2019exp\u00e9dition ou des frais de douane pour les achats effectu\u00e9s par les gagnants du concours.<\/li>\r\n \t<li><strong>Restrictions suppl\u00e9mentaires :<\/strong>\u202fCe concours est nul l\u00e0 o\u00f9 la loi l\u2019interdit. Toutes les lois et r\u00e9glementations f\u00e9d\u00e9rales, \u00e9tatiques, provinciales, municipales et locales s\u2019appliquent. Les prix ne sont pas transf\u00e9rables. Aucune substitution n\u2019est autoris\u00e9e. Cyncly se r\u00e9serve le droit d\u2019annuler ou de suspendre ce concours \u00e0 tout moment.<\/li>\r\n<\/ul>\r\n<strong>Pour plus d\u2019informations, veuillez nous contacter \u00e0 l\u2019adresse suivante :<\/strong><br>\r\nSi\u00e8ge social de l&rsquo;entreprise 2020<br>\r\n400 Boulevard Armand Frappier<br>\r\nLaval, QC<br>\r\nH7V 4B4<br>\r\nCanada<br>\r\nou via email : <a href=\"mailto:inspirationcontest@cyncly.com\">inspirationcontest@cyncly.com<\/a>\t\t\t\t\t\t\t\t<\/div>\n\t\t\t\t<\/div>\n\t\t\t\t\t<\/div>\n\t\t<\/div>\n\t\t\t\t\t<\/div>\n\t\t<\/section>\n\t\t\t\t<\/div>\n\t\t","protected":false},"excerpt":{"rendered":"<p>R\u00e8glement du concours Cyncly offre sept cartes-cadeaux Amazon d&rsquo;une valeur de 750 \u20ac \u00e0 chacun des gagnants de la premi\u00e8re place, 500 \u20ac aux sept gagnants de la deuxi\u00e8me place et 250 \u20ac aux sept gagnants de la troisi\u00e8me place. Ces prix seront attribu\u00e9s aux gagnants qui soumettent un projet (par exemple, un rendu, un [&hellip;]<\/p>\n","protected":false},"author":4,"featured_media":5293,"parent":0,"menu_order":0,"comment_status":"closed","ping_status":"closed","template":"","meta":{"ocean_post_layout":"","ocean_both_sidebars_style":"","ocean_both_sidebars_content_width":0,"ocean_both_sidebars_sidebars_width":0,"ocean_sidebar":"0","ocean_second_sidebar":"0","ocean_disable_margins":"enable","ocean_add_body_class":"","ocean_shortcode_before_top_bar":"","ocean_shortcode_after_top_bar":"","ocean_shortcode_before_header":"","ocean_shortcode_after_header":"","ocean_has_shortcode":"","ocean_shortcode_after_title":"","ocean_shortcode_before_footer_widgets":"","ocean_shortcode_after_footer_widgets":"","ocean_shortcode_before_footer_bottom":"","ocean_shortcode_after_footer_bottom":"","ocean_display_top_bar":"default","ocean_display_header":"default","ocean_header_style":"","ocean_center_header_left_menu":"0","ocean_custom_header_template":"0","ocean_custom_logo":0,"ocean_custom_retina_logo":0,"ocean_custom_logo_max_width":0,"ocean_custom_logo_tablet_max_width":0,"ocean_custom_logo_mobile_max_width":0,"ocean_custom_logo_max_height":0,"ocean_custom_logo_tablet_max_height":0,"ocean_custom_logo_mobile_max_height":0,"ocean_header_custom_menu":"0","ocean_menu_typo_font_family":"0","ocean_menu_typo_font_subset":"","ocean_menu_typo_font_size":0,"ocean_menu_typo_font_size_tablet":0,"ocean_menu_typo_font_size_mobile":0,"ocean_menu_typo_font_size_unit":"px","ocean_menu_typo_font_weight":"","ocean_menu_typo_font_weight_tablet":"","ocean_menu_typo_font_weight_mobile":"","ocean_menu_typo_transform":"","ocean_menu_typo_transform_tablet":"","ocean_menu_typo_transform_mobile":"","ocean_menu_typo_line_height":0,"ocean_menu_typo_line_height_tablet":0,"ocean_menu_typo_line_height_mobile":0,"ocean_menu_typo_line_height_unit":"","ocean_menu_typo_spacing":0,"ocean_menu_typo_spacing_tablet":0,"ocean_menu_typo_spacing_mobile":0,"ocean_menu_typo_spacing_unit":"","ocean_menu_link_color":"","ocean_menu_link_color_hover":"","ocean_menu_link_color_active":"","ocean_menu_link_background":"","ocean_menu_link_hover_background":"","ocean_menu_link_active_background":"","ocean_menu_social_links_bg":"","ocean_menu_social_hover_links_bg":"","ocean_menu_social_links_color":"","ocean_menu_social_hover_links_color":"","ocean_disable_title":"default","ocean_disable_heading":"default","ocean_post_title":"","ocean_post_subheading":"","ocean_post_title_style":"","ocean_post_title_background_color":"","ocean_post_title_background":0,"ocean_post_title_bg_image_position":"","ocean_post_title_bg_image_attachment":"","ocean_post_title_bg_image_repeat":"","ocean_post_title_bg_image_size":"","ocean_post_title_height":0,"ocean_post_title_bg_overlay":0.5,"ocean_post_title_bg_overlay_color":"","ocean_disable_breadcrumbs":"default","ocean_breadcrumbs_color":"","ocean_breadcrumbs_separator_color":"","ocean_breadcrumbs_links_color":"","ocean_breadcrumbs_links_hover_color":"","ocean_display_footer_widgets":"default","ocean_display_footer_bottom":"default","ocean_custom_footer_template":"0","footnotes":""},"class_list":["post-161","page","type-page","status-publish","has-post-thumbnail","hentry","entry","has-media"],"_links":{"self":[{"href":"https:\/\/contest.cyncly.com\/fr\/wp-json\/wp\/v2\/pages\/161","targetHints":{"allow":["GET"]}}],"collection":[{"href":"https:\/\/contest.cyncly.com\/fr\/wp-json\/wp\/v2\/pages"}],"about":[{"href":"https:\/\/contest.cyncly.com\/fr\/wp-json\/wp\/v2\/types\/page"}],"author":[{"embeddable":true,"href":"https:\/\/contest.cyncly.com\/fr\/wp-json\/wp\/v2\/users\/4"}],"replies":[{"embeddable":true,"href":"https:\/\/contest.cyncly.com\/fr\/wp-json\/wp\/v2\/comments?post=161"}],"version-history":[{"count":0,"href":"https:\/\/contest.cyncly.com\/fr\/wp-json\/wp\/v2\/pages\/161\/revisions"}],"wp:featuredmedia":[{"embeddable":true,"href":"https:\/\/contest.cyncly.com\/fr\/wp-json\/wp\/v2\/media\/5293"}],"wp:attachment":[{"href":"https:\/\/contest.cyncly.com\/fr\/wp-json\/wp\/v2\/media?parent=161"}],"curies":[{"name":"wp","href":"https:\/\/api.w.org\/{rel}","templated":true}]}}