{"id":186,"date":"2023-04-07T01:25:08","date_gmt":"2023-04-07T01:25:08","guid":{"rendered":"https:\/\/contestcyncly.wpengine.com\/rules-regulations\/"},"modified":"2024-03-08T20:07:37","modified_gmt":"2024-03-08T20:07:37","slug":"normas-y-reglamentos","status":"publish","type":"page","link":"https:\/\/contest.cyncly.com\/es\/normas-y-reglamentos\/","title":{"rendered":"Normas y reglas del concurso"},"content":{"rendered":"\t\t<div data-elementor-type=\"wp-page\" data-elementor-id=\"186\" class=\"elementor elementor-186 elementor-158\" data-elementor-post-type=\"page\">\n\t\t\t\t\t\t<section class=\"elementor-section elementor-top-section elementor-element elementor-element-8059e2e elementor-section-boxed elementor-section-height-default elementor-section-height-default\" data-id=\"8059e2e\" data-element_type=\"section\" data-e-type=\"section\">\n\t\t\t\t\t\t<div class=\"elementor-container elementor-column-gap-default\">\n\t\t\t\t\t<div class=\"elementor-column elementor-col-100 elementor-top-column elementor-element elementor-element-918be25\" data-id=\"918be25\" data-element_type=\"column\" data-e-type=\"column\">\n\t\t\t<div class=\"elementor-widget-wrap elementor-element-populated\">\n\t\t\t\t\t\t<div class=\"elementor-element elementor-element-7e49944 elementor-widget elementor-widget-heading\" data-id=\"7e49944\" data-element_type=\"widget\" data-e-type=\"widget\" data-widget_type=\"heading.default\">\n\t\t\t\t<div class=\"elementor-widget-container\">\n\t\t\t\t\t<h1 class=\"elementor-heading-title elementor-size-default\">Normas y reglas del concurso<\/h1>\t\t\t\t<\/div>\n\t\t\t\t<\/div>\n\t\t\t\t<div class=\"elementor-element elementor-element-61111ab elementor-widget elementor-widget-text-editor\" data-id=\"61111ab\" data-element_type=\"widget\" data-e-type=\"widget\" data-widget_type=\"text-editor.default\">\n\t\t\t\t<div class=\"elementor-widget-container\">\n\t\t\t\t\t\t\t\t\tCyncly regalar\u00e1 siete tarjetas electr\u00f3nicas de regalo de Amazon a cada uno de los ganadores de cada categor\u00eda. Los ganadores del primer puesto recibir\u00e1n 750 \u20ac,  los ganadores del segundo puesto recibir\u00e1n 500 \u20ac y los ganadores del tercer puesto recibir\u00e1n 250 \u20ac . Estos premios se conceder\u00e1n a quienes env\u00eden sus dise\u00f1os (renders, panor\u00e1micas de 360\u00b0) creados en Design Live, Visual Impression, Winner, Innoplus, SimpliPlan, Virtual Worlds o Promob a \u00abConcurso Mundial de Dise\u00f1o de Cyncly\u00bb a una de estas siete categor\u00edas:\r\n<ul>\r\n \t<li>Residencial profesional \u2013 Cyncly \u2013 Cualquier espacio<\/li>\r\n \t<li>Oficina profesional \u2013 Cyncly \u2013 Cualquier espacio<\/li>\r\n \t<li>Cocina<\/li>\r\n \t<li>Ba\u00f1o<\/li>\r\n \t<li>Armarios<\/li>\r\n \t<li>Espacio educativo<\/li>\r\n \t<li>Oficina flexible<\/li>\r\n<\/ul>\r\nAdem\u00e1s, Cyncly har\u00e1 entrega de un gran premio (una tarjeta regalo de Amazon por valor de 1000 \u20ac) al ganador del primer premio:\r\n<ul>\r\n \t<li>Elecci\u00f3n de los votantes<\/li>\r\n<\/ul>\t\t\t\t\t\t\t\t<\/div>\n\t\t\t\t<\/div>\n\t\t\t\t<div class=\"elementor-element elementor-element-84571f9 elementor-widget elementor-widget-text-editor\" data-id=\"84571f9\" data-element_type=\"widget\" data-e-type=\"widget\" data-widget_type=\"text-editor.default\">\n\t\t\t\t<div class=\"elementor-widget-container\">\n\t\t\t\t\t\t\t\t\t<p><strong>Nota para los dise\u00f1adores:<\/strong><br \/>Tama\u00f1o recomendado: 1920x1080px. Tama\u00f1o m\u00ednimo: 1280x720px. Formato: JPG o PNG.<\/p>\t\t\t\t\t\t\t\t<\/div>\n\t\t\t\t<\/div>\n\t\t\t\t<div class=\"elementor-element elementor-element-dfc0f50 elementor-widget elementor-widget-text-editor\" data-id=\"dfc0f50\" data-element_type=\"widget\" data-e-type=\"widget\" data-widget_type=\"text-editor.default\">\n\t\t\t\t<div class=\"elementor-widget-container\">\n\t\t\t\t\t\t\t\t\t<ul>\r\n               <li><strong>Jurado:<\/strong> Un panel de expertos de Cyncly seleccionar\u00e1n al ganador de cada categor\u00eda. En la categor\u00eda \u00abElecci\u00f3n de los votantes\u00bb, se pre seleccionar\u00e1n las tres candidaturas que hayan recibido m\u00e1s votos. El ganador final ser\u00e1 elegido por el jurado de Cyncly.<\/li>\r\n               <li><strong>Elegibilidad:<\/strong> Los empleados de Cyncly y compa\u00f1\u00edas afiliadas, agentes, consultores, agencias de publicidad y promoci\u00f3n, competidores y otros proveedores\/vendedores no son elegibles. Un mismo participante puede presentar uno o m\u00e1s dise\u00f1os (renders, panor\u00e1micas 360\u00ba) usando cualquiera de nuestros software (Design Live, Visual Impression, Winner, Innoplus, SimpliPlan, Virtual Worlds o Promob) en varias categor\u00edas, pero s\u00f3lo puede ganar una sola vez en este concurso.<\/li>\r\n               <li>Este concurso est\u00e1 abierto a nivel mundial. No es necesario realizar ning\u00fan pago. Detalles: Los 22 ganadores del concurso se anunciar\u00e1n a trav\u00e9s del correo electr\u00f3nico de Cyncly el 3 de Junio de 2024. Cada uno de los 22 ganadores ganar\u00e1 una tarjeta eGift de Amazon.<\/li>\r\n               <li>El ganador debe proporcionar informaci\u00f3n completa a Cyncly, incluyendo su nombre, compa\u00f1\u00eda, n\u00famero de tel\u00e9fono y direcci\u00f3n de correo electr\u00f3nico. De no ser as\u00ed, el premio pasar\u00e1 al siguiente concursante m\u00e1s votado. Cyncly se pondr\u00e1 en contacto con todos los finalistas de cada categor\u00eda (incluidos los elegidos por los votantes) y les pedir\u00e1n que proporcionen un archivo .kit (Design Live) o un archivo DRW (Winner) o un archivo IFZ (Innoplus o un archivo Ambi (SimpliPlan) para confirmar la autenticidad de cada dise\u00f1o antes de elegir al ganador. Todos los ganadores son responsables de los impuestos estatales, provinciales, federales o locales, de ser aplicables.<\/li>\r\n               <li><strong>C\u00f3mo participar:<\/strong> Env\u00eda tu dise\u00f1o (renderizado) \u2013 Design Live, Visual Impression, Winner, Innoplus, SimpliPlan, Virtual Worlds o Promob a el \u201cConcurso Mundial de Dise\u00f1o de Cyncly\u201d entre el 2 de abril al 30 de abril de 2024. Cyncly no es responsable de participaciones fuera de plazo, extraviadas o mal gestionadas; de errores de comunicaci\u00f3n o transmisi\u00f3n; o de cualquier fallo o error de impresi\u00f3n, administrativo o de cualquier otro tipo en relaci\u00f3n a este concurso.<\/li>\r\n               <li><strong>Derechos y obligaciones:<\/strong> Cyncly declinan toda responsabilidad por los da\u00f1os derivados de la participaci\u00f3n en este concurso y se reservan el derecho a modificar, cancelar, finalizar o suspender este concurso si cualquier intervenci\u00f3n humana no autorizada u otras causas ajenas al control de Cyncly corrompen o afectan a la administraci\u00f3n, seguridad, equidad o correcto desarrollo del sorteo. Cyncly se reservan el derecho de descalificar a cualquier participante en caso de fraude o mala conducta, que afecte a la integridad del sorteo. Al enviar su dise\u00f1o, usted otorga a Cyncly y a los patrocinadores el derecho exclusivo, perpetuo, irrevocable, sin restricciones y libre de derechos de autor para utilizar la producci\u00f3n del participante, el nombre, la voz, las citas, el nombre de la empresa (si procede) y la imagen para sus futuras actividades de marketing, incluyendo, pero no limitado a, las publicaciones en l\u00ednea \/ papel y videos promocionales o de formaci\u00f3n.<\/li>\r\n               <li><strong>Probabilidades de ganar\/proceso de evaluaci\u00f3n:<\/strong> Las probabilidades de ganar dependen del n\u00famero total de participaciones recibidas. Los dise\u00f1os ganadores ser\u00e1n anunciados en el email blast de Cyncly el 3 de junio de 2024. Al participar, cada concursante acepta someterse a estas Reglas Oficiales. Las decisiones de Cyncly son definitivas. Todos los ganadores aceptan que su nombre y el de su compa\u00f1\u00eda sean utilizados en l\u00ednea y en posibles anuncios y comunicados de prensa futuros de Cyncly.<\/li>\r\n               <li><strong>Exclusi\u00f3n de garant\u00edas:<\/strong> La tarjeta eGift de Amazon se entrega \u00abtal cual\u00bb, sin garant\u00eda de ning\u00fan tipo, ni expresa ni impl\u00edcita, en cuanto a su aspecto, seguridad o funcionamiento. El ganador individual asumir\u00e1 todos los riesgos de p\u00e9rdida o deterioro del premio una vez entregado. La tarjeta regalo de Amazon deber\u00e1 utilizarse en la versi\u00f3n que acepte pagos en d\u00f3lares. La marca promotora del concurso no se hace responsable de los gastos de env\u00edo ni de las tasas aduaneras de las compras realizadas por los ganadores del concurso.<\/li>\r\n               <li><strong>Restricciones adicionales:<\/strong> Este concurso ser\u00e1 nulo donde est\u00e9 prohibido. Se aplican todas las leyes y reglamentos federales, estatales, provinciales, municipales y locales. Los premios no son transferibles. No se permite la sustituci\u00f3n. Cyncly se reserva el derecho de cancelar o suspender este concurso en cualquier momento.<\/li>\r\n               \r\n<\/ul>\r\n<strong> Para m\u00e1s informaci\u00f3n, p\u00f3ngase en contacto con nosotros:<\/strong><br>\r\nSede 2020<br>\r\n400 Boulevard Armand Frappier <br>\r\nLaval, QC<br>\r\nH7V 4B4<br>\r\nCanad\u00e1 <br>\r\nCorreo electr\u00f3nico: <a href=\"mailto:inspirationcontest@cyncly.com\">inspirationcontest@cyncly.com<\/a>\t\t\t\t\t\t\t\t<\/div>\n\t\t\t\t<\/div>\n\t\t\t\t\t<\/div>\n\t\t<\/div>\n\t\t\t\t\t<\/div>\n\t\t<\/section>\n\t\t\t\t<\/div>\n\t\t","protected":false},"excerpt":{"rendered":"<p>Normas y reglas del concurso Cyncly regalar\u00e1 siete tarjetas electr\u00f3nicas de regalo de Amazon a cada uno de los ganadores de cada categor\u00eda. Los ganadores del primer puesto recibir\u00e1n 750 \u20ac, los ganadores del segundo puesto recibir\u00e1n 500 \u20ac y los ganadores del tercer puesto recibir\u00e1n 250 \u20ac . Estos premios se conceder\u00e1n a quienes [&hellip;]<\/p>\n","protected":false},"author":4,"featured_media":5296,"parent":0,"menu_order":0,"comment_status":"closed","ping_status":"closed","template":"","meta":{"ocean_post_layout":"","ocean_both_sidebars_style":"","ocean_both_sidebars_content_width":0,"ocean_both_sidebars_sidebars_width":0,"ocean_sidebar":"0","ocean_second_sidebar":"0","ocean_disable_margins":"enable","ocean_add_body_class":"","ocean_shortcode_before_top_bar":"","ocean_shortcode_after_top_bar":"","ocean_shortcode_before_header":"","ocean_shortcode_after_header":"","ocean_has_shortcode":"","ocean_shortcode_after_title":"","ocean_shortcode_before_footer_widgets":"","ocean_shortcode_after_footer_widgets":"","ocean_shortcode_before_footer_bottom":"","ocean_shortcode_after_footer_bottom":"","ocean_display_top_bar":"default","ocean_display_header":"default","ocean_header_style":"","ocean_center_header_left_menu":"0","ocean_custom_header_template":"0","ocean_custom_logo":0,"ocean_custom_retina_logo":0,"ocean_custom_logo_max_width":0,"ocean_custom_logo_tablet_max_width":0,"ocean_custom_logo_mobile_max_width":0,"ocean_custom_logo_max_height":0,"ocean_custom_logo_tablet_max_height":0,"ocean_custom_logo_mobile_max_height":0,"ocean_header_custom_menu":"0","ocean_menu_typo_font_family":"0","ocean_menu_typo_font_subset":"","ocean_menu_typo_font_size":0,"ocean_menu_typo_font_size_tablet":0,"ocean_menu_typo_font_size_mobile":0,"ocean_menu_typo_font_size_unit":"px","ocean_menu_typo_font_weight":"","ocean_menu_typo_font_weight_tablet":"","ocean_menu_typo_font_weight_mobile":"","ocean_menu_typo_transform":"","ocean_menu_typo_transform_tablet":"","ocean_menu_typo_transform_mobile":"","ocean_menu_typo_line_height":0,"ocean_menu_typo_line_height_tablet":0,"ocean_menu_typo_line_height_mobile":0,"ocean_menu_typo_line_height_unit":"","ocean_menu_typo_spacing":0,"ocean_menu_typo_spacing_tablet":0,"ocean_menu_typo_spacing_mobile":0,"ocean_menu_typo_spacing_unit":"","ocean_menu_link_color":"","ocean_menu_link_color_hover":"","ocean_menu_link_color_active":"","ocean_menu_link_background":"","ocean_menu_link_hover_background":"","ocean_menu_link_active_background":"","ocean_menu_social_links_bg":"","ocean_menu_social_hover_links_bg":"","ocean_menu_social_links_color":"","ocean_menu_social_hover_links_color":"","ocean_disable_title":"default","ocean_disable_heading":"default","ocean_post_title":"","ocean_post_subheading":"","ocean_post_title_style":"","ocean_post_title_background_color":"","ocean_post_title_background":0,"ocean_post_title_bg_image_position":"","ocean_post_title_bg_image_attachment":"","ocean_post_title_bg_image_repeat":"","ocean_post_title_bg_image_size":"","ocean_post_title_height":0,"ocean_post_title_bg_overlay":0.5,"ocean_post_title_bg_overlay_color":"","ocean_disable_breadcrumbs":"default","ocean_breadcrumbs_color":"","ocean_breadcrumbs_separator_color":"","ocean_breadcrumbs_links_color":"","ocean_breadcrumbs_links_hover_color":"","ocean_display_footer_widgets":"default","ocean_display_footer_bottom":"default","ocean_custom_footer_template":"0","footnotes":""},"class_list":["post-186","page","type-page","status-publish","has-post-thumbnail","hentry","entry","has-media"],"_links":{"self":[{"href":"https:\/\/contest.cyncly.com\/es\/wp-json\/wp\/v2\/pages\/186","targetHints":{"allow":["GET"]}}],"collection":[{"href":"https:\/\/contest.cyncly.com\/es\/wp-json\/wp\/v2\/pages"}],"about":[{"href":"https:\/\/contest.cyncly.com\/es\/wp-json\/wp\/v2\/types\/page"}],"author":[{"embeddable":true,"href":"https:\/\/contest.cyncly.com\/es\/wp-json\/wp\/v2\/users\/4"}],"replies":[{"embeddable":true,"href":"https:\/\/contest.cyncly.com\/es\/wp-json\/wp\/v2\/comments?post=186"}],"version-history":[{"count":0,"href":"https:\/\/contest.cyncly.com\/es\/wp-json\/wp\/v2\/pages\/186\/revisions"}],"wp:featuredmedia":[{"embeddable":true,"href":"https:\/\/contest.cyncly.com\/es\/wp-json\/wp\/v2\/media\/5296"}],"wp:attachment":[{"href":"https:\/\/contest.cyncly.com\/es\/wp-json\/wp\/v2\/media?parent=186"}],"curies":[{"name":"wp","href":"https:\/\/api.w.org\/{rel}","templated":true}]}}