{"id":185,"date":"2023-04-07T01:25:08","date_gmt":"2023-04-07T01:25:08","guid":{"rendered":"https:\/\/contestcyncly.wpengine.com\/rules-regulations\/"},"modified":"2024-03-08T20:03:02","modified_gmt":"2024-03-08T20:03:02","slug":"regelwerk","status":"publish","type":"page","link":"https:\/\/contest.cyncly.com\/de\/regelwerk\/","title":{"rendered":"Regelwerk"},"content":{"rendered":"\t\t<div data-elementor-type=\"wp-page\" data-elementor-id=\"185\" class=\"elementor elementor-185 elementor-158\" data-elementor-post-type=\"page\">\n\t\t\t\t\t\t<section class=\"elementor-section elementor-top-section elementor-element elementor-element-8059e2e elementor-section-boxed elementor-section-height-default elementor-section-height-default\" data-id=\"8059e2e\" data-element_type=\"section\" data-e-type=\"section\">\n\t\t\t\t\t\t<div class=\"elementor-container elementor-column-gap-default\">\n\t\t\t\t\t<div class=\"elementor-column elementor-col-100 elementor-top-column elementor-element elementor-element-918be25\" data-id=\"918be25\" data-element_type=\"column\" data-e-type=\"column\">\n\t\t\t<div class=\"elementor-widget-wrap elementor-element-populated\">\n\t\t\t\t\t\t<div class=\"elementor-element elementor-element-7e49944 elementor-widget elementor-widget-heading\" data-id=\"7e49944\" data-element_type=\"widget\" data-e-type=\"widget\" data-widget_type=\"heading.default\">\n\t\t\t\t<div class=\"elementor-widget-container\">\n\t\t\t\t\t<h1 class=\"elementor-heading-title elementor-size-default\">Regelwerk<\/h1>\t\t\t\t<\/div>\n\t\t\t\t<\/div>\n\t\t\t\t<div class=\"elementor-element elementor-element-61111ab elementor-widget elementor-widget-text-editor\" data-id=\"61111ab\" data-element_type=\"widget\" data-e-type=\"widget\" data-widget_type=\"text-editor.default\">\n\t\t\t\t<div class=\"elementor-widget-container\">\n\t\t\t\t\t\t\t\t\tCyncly verlost sieben Amazon-Geschenkkarten im Wert von jeweils 750 \u20ac an die Erstplatzierten, 500 \u20ac an die sieben Zweitplatzierten und 250 \u20ac an die sieben Drittplatzierten. Diese Preise werden an diejenigen vergeben, die eine Arbeit (z.B. Rendering, 360\u00b0-Panorama) aus Design Live, Visual Impression, Winner, Innoplus, M3B, Virtual Worlds oder Promob zum \u201eCyncly Global Inspiration Contest\u201c einreichen, und zwar in einer dieser sieben Kategorien:\r\n<ul>\r\n \t<li>Professioneller Wohnbereich \u2013 Cyncly \u2013 Jeder Raum<\/li>\r\n \t<li>B\u00fcroprofi \u2013 Cyncly \u2013 Beliebige Fl\u00e4che<\/li>\r\n \t<li>K\u00fcchen<\/li>\r\n \t<li>Badezimmer<\/li>\r\n \t<li>Kleiderschr\u00e4nke<\/li>\r\n \t<li>Raum zum Lernen<\/li>\r\n \t<li>Flexible B\u00fcro \u2013 und Besprechungsr\u00e4ume<\/li>\r\n<\/ul>\r\nIm Publikumsvoting gibt es zus\u00e4tzlich noch einen Hauptpreis zu gewinnen. Der Gewinner des ersten Platzes gewinnt einen Amazon-Gutschein im Wert von 1000 \u20ac:\r\n<ul>\r\n \t<li>&#8222;Wahl der W\u00e4hler&#8220;<\/li>\r\n<\/ul>\t\t\t\t\t\t\t\t<\/div>\n\t\t\t\t<\/div>\n\t\t\t\t<div class=\"elementor-element elementor-element-84571f9 elementor-widget elementor-widget-text-editor\" data-id=\"84571f9\" data-element_type=\"widget\" data-e-type=\"widget\" data-widget_type=\"text-editor.default\">\n\t\t\t\t<div class=\"elementor-widget-container\">\n\t\t\t\t\t\t\t\t\t<p><strong>Hinweis f\u00fcr Designer: <\/strong><br \/>Mindestgr\u00f6\u00dfe: 1280x720px, empfohlenes Format: 1920x1080px JPG oder PNG.<\/p>\t\t\t\t\t\t\t\t<\/div>\n\t\t\t\t<\/div>\n\t\t\t\t<div class=\"elementor-element elementor-element-dfc0f50 elementor-widget elementor-widget-text-editor\" data-id=\"dfc0f50\" data-element_type=\"widget\" data-e-type=\"widget\" data-widget_type=\"text-editor.default\">\n\t\t\t\t<div class=\"elementor-widget-container\">\n\t\t\t\t\t\t\t\t\t<ul>\r\n               <li><strong>Jury:<\/strong> Eine Jury aus Cyncly-Branchenexperten wird den Gewinner jeder Kategorie ausw\u00e4hlen. Bei der Vergabe des Hauptpreises werden zuerst die besten drei Designs per Publikumsvoting ermittelt. Eine Jury bestehend aus Cyncly-Mitarbeitern und Gastjuroren kr\u00f6nen dann eines dieser drei Designs zum Gewinner.<\/li>\r\n               <li><strong>Teilnahmeberechtigung:<\/strong> Mitarbeiter von Cyncly und deren verbundenen Unternehmen, Vertreter, Berater, Werbe- und Verkaufsf\u00f6rderungsagenturen, Wettbewerber und andere Anbieter\/Verk\u00e4ufer sind nicht teilnahmeberechtigt. Ein Teilnehmer kann eine oder mehrere Arbeit(en) (z.B. Rendering\/360\u00b0-Panorama\/ Showcase 360) einreichen \u2013 ein Muss ist das Design mit Design Live, Visual Impression, Winner, Innoplus, M3B, Virtual Worlds oder Promob. Die Arbeit kann in mehreren Kategorien eingereicht werden, kann aber nur einmal in diesem Wettbewerb gewinnen.<\/li>\r\n               <li>Der Wettbewerb ist offen f\u00fcr Arbeiten aus aller Welt. Es ist kein Kauf erforderlich. Einzelheiten: Alle 22 Gewinner des Wettbewerbs werden am 3. Juni 2024 per E-Mail von Cyncly bekannt gegeben. Die 22 Gewinner gewinnen jeweils eine Amazon eGift Card.<\/li>\r\n               <li>Der Gewinner muss Cyncly vollst\u00e4ndige Informationen zur Verf\u00fcgung stellen, einschlie\u00dflich Namen, Arbeitgeber, Telefonnummer und E-Mail-Adresse, andernfalls wird der Preis an den n\u00e4chsten g\u00fcltigen Gewinner weitergegeben. Alle Finalisten in jeder Kategorie (einschlie\u00dflich &#8222;Wahl der W\u00e4hler&#8220;) werden von Cyncly kontaktiert und gebeten, eine .kit-Datei (Design Live), eine DRW-Datei (Winner), eine IFZ-Datei (Innoplus oder eine Ambi-Datei (M3B) einzureichen, um die Authentizit\u00e4t jedes Designs zu best\u00e4tigen, bevor ein Gewinner ausgew\u00e4hlt wird. Alle Gewinner sind f\u00fcr alle staatlichen, provinziellen, bundesstaatlichen oder lokalen Steuern verantwortlich, falls zutreffend.<\/li>\r\n               <li><strong>Wie Sie teilnehmen k\u00f6nnen:<\/strong> Reichen Sie Ihre Arbeit(en) (Rendering) mit Design Live, Visual Impression, Winner, Innoplus, M3B, Virtual Worlds oder Promob beim &#8222;Cyncly Global Inspiration Contest&#8220; vom 2. April bis 30. April 2024 ein. Cyncly ist nicht verantwortlich f\u00fcr versp\u00e4tete, verlorene oder fehlgeleitete Einladungen, f\u00fcr Kommunikations- oder \u00dcbertragungsfehler, f\u00fcr Unf\u00e4lle oder Druck-, Verwaltungs- oder andere Fehler jeglicher Art im Zusammenhang mit diesem Wettbewerb.<\/li>\r\n \t       <li><strong>Rechte und Pflichten: <\/strong> Cyncly lehnt jegliche Haftung f\u00fcr Sch\u00e4den ab, die sich aus der Teilnahme an diesem Gewinnspiel ergeben, und beh\u00e4lt sich das Recht vor, dieses Gewinnspiel zu \u00e4ndern, zu stornieren, zu beenden oder auszusetzen, falls unbefugte menschliche Eingriffe oder andere Ursachen, die au\u00dferhalb der Kontrolle von Cyncly liegen, die Verwaltung, Sicherheit, Fairness oder den ordnungsgem\u00e4\u00dfen Ablauf der Verlosung beeintr\u00e4chtigen oder st\u00f6ren. Cyncly beh\u00e4lt sich das Recht vor, jeden Teilnehmer zu disqualifizieren, wenn dessen Betrug oder Fehlverhalten die Integrit\u00e4t des Gewinnspiels beeintr\u00e4chtigt. Mit der Einsendung Ihres Beitrags gew\u00e4hren Sie Cyncly und den Sponsoren das ausschlie\u00dfliche, unbefristete, unwiderrufliche, unbeschr\u00e4nkte und geb\u00fchrenfreie Recht, den Beitrag, den Namen, die Stimme, die Zitate, den Firmennamen (falls zutreffend) und das Bild des Teilnehmers f\u00fcr k\u00fcnftige Marketingaktivit\u00e4ten zu verwenden, einschlie\u00dflich, aber nicht beschr\u00e4nkt auf Online-\/Papierpublikationen und Werbe- oder Schulungsvideos.<\/li>\r\n               <li><strong>Gewinnchancen\/Bewertungsverfahren:<\/strong> Die Gewinnchancen h\u00e4ngen von der Gesamtzahl der eingegangenen teilnahmeberechtigten Beitr\u00e4ge ab. Die Gewinner werden am 3. Juni 2024 per E-Mail von Cyncly bekannt gegeben. Mit der Teilnahme erkl\u00e4rt sich jeder Teilnehmer mit den vorliegenden offiziellen Regeln einverstanden. Die Entscheidungen von Cyncly sind endg\u00fcltig. Alle Gewinner erkl\u00e4ren sich damit einverstanden, dass ihr Name und der Name ihres Arbeitgebers online und in eventuellen zuk\u00fcnftigen Anzeigen und Pressemitteilungen von Cyncly verwendet werden.<\/li>\r\n \t       <li><strong>Ausschluss von Garantien:<\/strong> Die Amazon eGift Card wird ohne jegliche ausdr\u00fcckliche oder stillschweigende Garantie bez\u00fcglich ihres Aussehens, ihrer Sicherheit oder ihrer Leistung zur Verf\u00fcgung gestellt, so wie sie ist. Der Gewinner tr\u00e4gt das gesamte Risiko des Verlusts oder der Besch\u00e4digung des Preises nach dessen Lieferung. Die Amazon-Geschenkkarte muss in der Version verwendet werden, die Zahlungen in Dollar akzeptiert. Die Marke, die das Gewinnspiel veranstaltet, ist nicht verantwortlich f\u00fcr Versandkosten oder Zollgeb\u00fchren f\u00fcr Eink\u00e4ufe, die von den Gewinnern des Gewinnspiels get\u00e4tigt werden.<\/li>\r\n               <li><strong>Zus\u00e4tzliche Beschr\u00e4nkungen:<\/strong> Die Preise sind nicht \u00fcbertragbar. Ein Austausch ist nicht zul\u00e4ssig. Cyncly beh\u00e4lt sich das Recht vor, diesen Wettbewerb jederzeit abzubrechen oder auszusetzen.<\/li>\r\n<\/ul>\r\n<strong>F\u00fcr weitere Informationen wenden Sie sich bitte an uns:<\/strong><br>\r\n2020 Headquarters <br>\r\n400 Boulevard Armand Frappier <br>\r\nLaval, QC<br>\r\nH7V 4B4<br>\r\nKanada<br>\r\nE-Mail: <a href=\"mailto:inspirationcontest@cyncly.com\">inspirationcontest@cyncly.com <\/a>\t\t\t\t\t\t\t\t<\/div>\n\t\t\t\t<\/div>\n\t\t\t\t\t<\/div>\n\t\t<\/div>\n\t\t\t\t\t<\/div>\n\t\t<\/section>\n\t\t\t\t<\/div>\n\t\t","protected":false},"excerpt":{"rendered":"<p>Regelwerk Cyncly verlost sieben Amazon-Geschenkkarten im Wert von jeweils 750 \u20ac an die Erstplatzierten, 500 \u20ac an die sieben Zweitplatzierten und 250 \u20ac an die sieben Drittplatzierten. Diese Preise werden an diejenigen vergeben, die eine Arbeit (z.B. Rendering, 360\u00b0-Panorama) aus Design Live, Visual Impression, Winner, Innoplus, M3B, Virtual Worlds oder Promob zum \u201eCyncly Global Inspiration [&hellip;]<\/p>\n","protected":false},"author":4,"featured_media":5295,"parent":0,"menu_order":0,"comment_status":"closed","ping_status":"closed","template":"","meta":{"ocean_post_layout":"","ocean_both_sidebars_style":"","ocean_both_sidebars_content_width":0,"ocean_both_sidebars_sidebars_width":0,"ocean_sidebar":"0","ocean_second_sidebar":"0","ocean_disable_margins":"enable","ocean_add_body_class":"","ocean_shortcode_before_top_bar":"","ocean_shortcode_after_top_bar":"","ocean_shortcode_before_header":"","ocean_shortcode_after_header":"","ocean_has_shortcode":"","ocean_shortcode_after_title":"","ocean_shortcode_before_footer_widgets":"","ocean_shortcode_after_footer_widgets":"","ocean_shortcode_before_footer_bottom":"","ocean_shortcode_after_footer_bottom":"","ocean_display_top_bar":"default","ocean_display_header":"default","ocean_header_style":"","ocean_center_header_left_menu":"0","ocean_custom_header_template":"0","ocean_custom_logo":0,"ocean_custom_retina_logo":0,"ocean_custom_logo_max_width":0,"ocean_custom_logo_tablet_max_width":0,"ocean_custom_logo_mobile_max_width":0,"ocean_custom_logo_max_height":0,"ocean_custom_logo_tablet_max_height":0,"ocean_custom_logo_mobile_max_height":0,"ocean_header_custom_menu":"0","ocean_menu_typo_font_family":"0","ocean_menu_typo_font_subset":"","ocean_menu_typo_font_size":0,"ocean_menu_typo_font_size_tablet":0,"ocean_menu_typo_font_size_mobile":0,"ocean_menu_typo_font_size_unit":"px","ocean_menu_typo_font_weight":"","ocean_menu_typo_font_weight_tablet":"","ocean_menu_typo_font_weight_mobile":"","ocean_menu_typo_transform":"","ocean_menu_typo_transform_tablet":"","ocean_menu_typo_transform_mobile":"","ocean_menu_typo_line_height":0,"ocean_menu_typo_line_height_tablet":0,"ocean_menu_typo_line_height_mobile":0,"ocean_menu_typo_line_height_unit":"","ocean_menu_typo_spacing":0,"ocean_menu_typo_spacing_tablet":0,"ocean_menu_typo_spacing_mobile":0,"ocean_menu_typo_spacing_unit":"","ocean_menu_link_color":"","ocean_menu_link_color_hover":"","ocean_menu_link_color_active":"","ocean_menu_link_background":"","ocean_menu_link_hover_background":"","ocean_menu_link_active_background":"","ocean_menu_social_links_bg":"","ocean_menu_social_hover_links_bg":"","ocean_menu_social_links_color":"","ocean_menu_social_hover_links_color":"","ocean_disable_title":"default","ocean_disable_heading":"default","ocean_post_title":"","ocean_post_subheading":"","ocean_post_title_style":"","ocean_post_title_background_color":"","ocean_post_title_background":0,"ocean_post_title_bg_image_position":"","ocean_post_title_bg_image_attachment":"","ocean_post_title_bg_image_repeat":"","ocean_post_title_bg_image_size":"","ocean_post_title_height":0,"ocean_post_title_bg_overlay":0.5,"ocean_post_title_bg_overlay_color":"","ocean_disable_breadcrumbs":"default","ocean_breadcrumbs_color":"","ocean_breadcrumbs_separator_color":"","ocean_breadcrumbs_links_color":"","ocean_breadcrumbs_links_hover_color":"","ocean_display_footer_widgets":"default","ocean_display_footer_bottom":"default","ocean_custom_footer_template":"0","footnotes":""},"class_list":["post-185","page","type-page","status-publish","has-post-thumbnail","hentry","entry","has-media"],"_links":{"self":[{"href":"https:\/\/contest.cyncly.com\/de\/wp-json\/wp\/v2\/pages\/185","targetHints":{"allow":["GET"]}}],"collection":[{"href":"https:\/\/contest.cyncly.com\/de\/wp-json\/wp\/v2\/pages"}],"about":[{"href":"https:\/\/contest.cyncly.com\/de\/wp-json\/wp\/v2\/types\/page"}],"author":[{"embeddable":true,"href":"https:\/\/contest.cyncly.com\/de\/wp-json\/wp\/v2\/users\/4"}],"replies":[{"embeddable":true,"href":"https:\/\/contest.cyncly.com\/de\/wp-json\/wp\/v2\/comments?post=185"}],"version-history":[{"count":0,"href":"https:\/\/contest.cyncly.com\/de\/wp-json\/wp\/v2\/pages\/185\/revisions"}],"wp:featuredmedia":[{"embeddable":true,"href":"https:\/\/contest.cyncly.com\/de\/wp-json\/wp\/v2\/media\/5295"}],"wp:attachment":[{"href":"https:\/\/contest.cyncly.com\/de\/wp-json\/wp\/v2\/media?parent=185"}],"curies":[{"name":"wp","href":"https:\/\/api.w.org\/{rel}","templated":true}]}}